{"id":471,"date":"2024-04-07T13:36:07","date_gmt":"2024-04-07T11:36:07","guid":{"rendered":"https:\/\/emlyonjuniorconseil.com\/?page_id=471"},"modified":"2025-01-23T17:35:30","modified_gmt":"2025-01-23T16:35:30","slug":"contact","status":"publish","type":"page","link":"https:\/\/emlyonjuniorconseil.com\/index.php\/contact\/","title":{"rendered":"Contact"},"content":{"rendered":"\t\t<div data-elementor-type=\"wp-page\" data-elementor-id=\"471\" class=\"elementor elementor-471\" data-elementor-post-type=\"page\">\n\t\t\t\t<div class=\"elementor-element elementor-element-7d354cb e-con-full e-flex e-con e-parent\" data-id=\"7d354cb\" data-element_type=\"container\" data-e-type=\"container\">\n\t\t<div class=\"elementor-element elementor-element-10300e6 e-con-full e-flex e-con e-child\" data-id=\"10300e6\" data-element_type=\"container\" data-e-type=\"container\" data-settings=\"{&quot;position&quot;:&quot;absolute&quot;}\">\n\t\t\t\t<div class=\"elementor-element elementor-element-8859daa elementor-hidden-tablet elementor-hidden-mobile elementor-widget elementor-widget-image\" data-id=\"8859daa\" data-element_type=\"widget\" data-e-type=\"widget\" data-widget_type=\"image.default\">\n\t\t\t\t<div class=\"elementor-widget-container\">\n\t\t\t\t\t\t\t\t\t\t\t\t\t\t\t<img fetchpriority=\"high\" decoding=\"async\" width=\"2000\" height=\"381\" src=\"https:\/\/emlyonjuniorconseil.com\/wp-content\/uploads\/2024\/04\/hero-contact.webp\" class=\"attachment-full size-full wp-image-1780\" alt=\"background hero\" srcset=\"https:\/\/emlyonjuniorconseil.com\/wp-content\/uploads\/2024\/04\/hero-contact.webp 2000w, https:\/\/emlyonjuniorconseil.com\/wp-content\/uploads\/2024\/04\/hero-contact-300x57.webp 300w, https:\/\/emlyonjuniorconseil.com\/wp-content\/uploads\/2024\/04\/hero-contact-1024x195.webp 1024w, https:\/\/emlyonjuniorconseil.com\/wp-content\/uploads\/2024\/04\/hero-contact-768x146.webp 768w, https:\/\/emlyonjuniorconseil.com\/wp-content\/uploads\/2024\/04\/hero-contact-1536x293.webp 1536w\" sizes=\"(max-width: 2000px) 100vw, 2000px\" \/>\t\t\t\t\t\t\t\t\t\t\t\t\t\t\t<\/div>\n\t\t\t\t<\/div>\n\t\t\t\t<div class=\"elementor-element elementor-element-dcef328 elementor-hidden-desktop elementor-widget elementor-widget-image\" data-id=\"dcef328\" data-element_type=\"widget\" data-e-type=\"widget\" data-widget_type=\"image.default\">\n\t\t\t\t<div class=\"elementor-widget-container\">\n\t\t\t\t\t\t\t\t\t\t\t\t\t\t\t<img decoding=\"async\" width=\"1024\" height=\"300\" src=\"https:\/\/emlyonjuniorconseil.com\/wp-content\/uploads\/2024\/04\/hero-contact-md.webp\" class=\"attachment-full size-full wp-image-1779\" alt=\"background hero\" srcset=\"https:\/\/emlyonjuniorconseil.com\/wp-content\/uploads\/2024\/04\/hero-contact-md.webp 1024w, https:\/\/emlyonjuniorconseil.com\/wp-content\/uploads\/2024\/04\/hero-contact-md-300x88.webp 300w, https:\/\/emlyonjuniorconseil.com\/wp-content\/uploads\/2024\/04\/hero-contact-md-768x225.webp 768w\" sizes=\"(max-width: 1024px) 100vw, 1024px\" \/>\t\t\t\t\t\t\t\t\t\t\t\t\t\t\t<\/div>\n\t\t\t\t<\/div>\n\t\t<div class=\"elementor-element elementor-element-8c6badb custom-heading e-flex e-con-boxed e-con e-child\" data-id=\"8c6badb\" data-element_type=\"container\" data-e-type=\"container\" data-settings=\"{&quot;position&quot;:&quot;absolute&quot;}\">\n\t\t\t\t\t<div class=\"e-con-inner\">\n\t\t\t\t<div class=\"elementor-element elementor-element-cc9cd13 elementor-widget elementor-widget-heading\" data-id=\"cc9cd13\" data-element_type=\"widget\" data-e-type=\"widget\" data-widget_type=\"heading.default\">\n\t\t\t\t<div class=\"elementor-widget-container\">\n\t\t\t\t\t<h1 class=\"elementor-heading-title elementor-size-default\">Demandez un devis<\/h1>\t\t\t\t<\/div>\n\t\t\t\t<\/div>\n\t\t\t\t\t<\/div>\n\t\t\t\t<\/div>\n\t\t\t\t<\/div>\n\t\t<div class=\"elementor-element elementor-element-a32d9a4 e-con-full e-flex e-con e-child\" data-id=\"a32d9a4\" data-element_type=\"container\" data-e-type=\"container\">\n\t\t<div class=\"elementor-element elementor-element-50ef318 e-con-full hidden-custom-container e-flex e-con e-child\" data-id=\"50ef318\" data-element_type=\"container\" data-e-type=\"container\">\n\t\t\t\t<\/div>\n\t\t\t\t<div class=\"elementor-element elementor-element-fdecbec elementor-widget-divider--view-line elementor-widget elementor-widget-divider\" data-id=\"fdecbec\" data-element_type=\"widget\" data-e-type=\"widget\" data-widget_type=\"divider.default\">\n\t\t\t\t<div class=\"elementor-widget-container\">\n\t\t\t\t\t\t\t<div class=\"elementor-divider\">\n\t\t\t<span class=\"elementor-divider-separator\">\n\t\t\t\t\t\t<\/span>\n\t\t<\/div>\n\t\t\t\t\t\t<\/div>\n\t\t\t\t<\/div>\n\t\t\t\t<div class=\"elementor-element elementor-element-8a29b5b elementor-widget elementor-widget-shortcode\" data-id=\"8a29b5b\" data-element_type=\"widget\" data-e-type=\"widget\" data-widget_type=\"shortcode.default\">\n\t\t\t\t<div class=\"elementor-widget-container\">\n\t\t\t\t\t\t\t<div class=\"elementor-shortcode\">\t\t<div data-elementor-type=\"container\" data-elementor-id=\"498\" class=\"elementor elementor-498\" data-elementor-post-type=\"elementor_library\">\n\t\t\t\t<div class=\"elementor-element elementor-element-56e9381 e-flex e-con-boxed e-con e-parent\" data-id=\"56e9381\" data-element_type=\"container\" data-e-type=\"container\">\n\t\t\t\t\t<div class=\"e-con-inner\">\n\t\t<div class=\"elementor-element elementor-element-480e2b46 e-con-full custom-container-form e-flex e-con e-child\" data-id=\"480e2b46\" data-element_type=\"container\" data-e-type=\"container\" data-settings=\"{&quot;background_background&quot;:&quot;classic&quot;}\">\n\t\t<div class=\"elementor-element elementor-element-82c7cb4 e-flex e-con-boxed e-con e-child\" data-id=\"82c7cb4\" data-element_type=\"container\" data-e-type=\"container\">\n\t\t\t\t\t<div class=\"e-con-inner\">\n\t\t\t\t<div class=\"elementor-element elementor-element-690919f elementor-widget elementor-widget-heading\" data-id=\"690919f\" data-element_type=\"widget\" data-e-type=\"widget\" data-widget_type=\"heading.default\">\n\t\t\t\t<div class=\"elementor-widget-container\">\n\t\t\t\t\t<h2 class=\"elementor-heading-title elementor-size-default\">Informations de contact<\/h2>\t\t\t\t<\/div>\n\t\t\t\t<\/div>\n\t\t\t\t<div class=\"elementor-element elementor-element-c6564de elementor-widget elementor-widget-text-editor\" data-id=\"c6564de\" data-element_type=\"widget\" data-e-type=\"widget\" data-widget_type=\"text-editor.default\">\n\t\t\t\t<div class=\"elementor-widget-container\">\n\t\t\t\t\t\t\t\t\t<p>Nos \u00e9quipes seront ravies de r\u00e9pondre \u00e0 vos interrogations dans les meilleurs d\u00e9lais.<\/p>\t\t\t\t\t\t\t\t<\/div>\n\t\t\t\t<\/div>\n\t\t\t\t\t<\/div>\n\t\t\t\t<\/div>\n\t\t<div class=\"elementor-element elementor-element-f94ffa5 e-grid e-con-boxed e-con e-child\" data-id=\"f94ffa5\" data-element_type=\"container\" data-e-type=\"container\">\n\t\t\t\t\t<div class=\"e-con-inner\">\n\t\t<div class=\"elementor-element elementor-element-5c16fb6 e-flex e-con-boxed e-con e-child\" data-id=\"5c16fb6\" data-element_type=\"container\" data-e-type=\"container\">\n\t\t\t\t\t<div class=\"e-con-inner\">\n\t\t\t\t<div class=\"elementor-element elementor-element-54ac0e5 custom-icon-form-contact elementor-widget elementor-widget-image\" data-id=\"54ac0e5\" data-element_type=\"widget\" data-e-type=\"widget\" data-widget_type=\"image.default\">\n\t\t\t\t<div class=\"elementor-widget-container\">\n\t\t\t\t\t\t\t\t\t\t\t\t\t\t\t<img decoding=\"async\" width=\"81\" height=\"81\" src=\"https:\/\/emlyonjuniorconseil.com\/wp-content\/uploads\/2024\/04\/phone-icon.png\" class=\"attachment-thumbnail size-thumbnail wp-image-515\" alt=\"phone icon\" \/>\t\t\t\t\t\t\t\t\t\t\t\t\t\t\t<\/div>\n\t\t\t\t<\/div>\n\t\t\t\t<div class=\"elementor-element elementor-element-ff1f184 elementor-widget elementor-widget-text-editor\" data-id=\"ff1f184\" data-element_type=\"widget\" data-e-type=\"widget\" data-widget_type=\"text-editor.default\">\n\t\t\t\t<div class=\"elementor-widget-container\">\n\t\t\t\t\t\t\t\t\t<p><a href=\"tel:04 72 18 58 78\">04 72 18 58 78<\/a><\/p>\t\t\t\t\t\t\t\t<\/div>\n\t\t\t\t<\/div>\n\t\t\t\t\t<\/div>\n\t\t\t\t<\/div>\n\t\t<div class=\"elementor-element elementor-element-f72d18c e-flex e-con-boxed e-con e-child\" data-id=\"f72d18c\" data-element_type=\"container\" data-e-type=\"container\">\n\t\t\t\t\t<div class=\"e-con-inner\">\n\t\t\t\t<div class=\"elementor-element elementor-element-557b930 custom-icon-form-contact elementor-widget elementor-widget-image\" data-id=\"557b930\" data-element_type=\"widget\" data-e-type=\"widget\" data-widget_type=\"image.default\">\n\t\t\t\t<div class=\"elementor-widget-container\">\n\t\t\t\t\t\t\t\t\t\t\t\t\t\t\t<img loading=\"lazy\" decoding=\"async\" width=\"81\" height=\"81\" src=\"https:\/\/emlyonjuniorconseil.com\/wp-content\/uploads\/2024\/04\/mail-icon.png\" class=\"attachment-thumbnail size-thumbnail wp-image-514\" alt=\"mail icon\" \/>\t\t\t\t\t\t\t\t\t\t\t\t\t\t\t<\/div>\n\t\t\t\t<\/div>\n\t\t\t\t<div class=\"elementor-element elementor-element-c1cfa4c elementor-widget elementor-widget-text-editor\" data-id=\"c1cfa4c\" data-element_type=\"widget\" data-e-type=\"widget\" data-widget_type=\"text-editor.default\">\n\t\t\t\t<div class=\"elementor-widget-container\">\n\t\t\t\t\t\t\t\t\t<p><a href=\"mailto:contact@emlyonjuniorconseil.com\">contact@emlyonjuniorconseil.com<\/a><\/p>\t\t\t\t\t\t\t\t<\/div>\n\t\t\t\t<\/div>\n\t\t\t\t\t<\/div>\n\t\t\t\t<\/div>\n\t\t<div class=\"elementor-element elementor-element-2d117ac e-flex e-con-boxed e-con e-child\" data-id=\"2d117ac\" data-element_type=\"container\" data-e-type=\"container\">\n\t\t\t\t\t<div class=\"e-con-inner\">\n\t\t\t\t<div class=\"elementor-element elementor-element-468fe3e custom-icon-form-contact elementor-widget elementor-widget-image\" data-id=\"468fe3e\" data-element_type=\"widget\" data-e-type=\"widget\" data-widget_type=\"image.default\">\n\t\t\t\t<div class=\"elementor-widget-container\">\n\t\t\t\t\t\t\t\t\t\t\t\t\t\t\t<img loading=\"lazy\" decoding=\"async\" width=\"81\" height=\"81\" src=\"https:\/\/emlyonjuniorconseil.com\/wp-content\/uploads\/2024\/04\/location-icon.png\" class=\"attachment-thumbnail size-thumbnail wp-image-516\" alt=\"location icon\" \/>\t\t\t\t\t\t\t\t\t\t\t\t\t\t\t<\/div>\n\t\t\t\t<\/div>\n\t\t\t\t<div class=\"elementor-element elementor-element-f420fb3 elementor-widget elementor-widget-text-editor\" data-id=\"f420fb3\" data-element_type=\"widget\" data-e-type=\"widget\" data-widget_type=\"text-editor.default\">\n\t\t\t\t<div class=\"elementor-widget-container\">\n\t\t\t\t\t\t\t\t\t<p>144 Avenue Jean Jaur\u00e8s, Lyon 69007<\/p>\t\t\t\t\t\t\t\t<\/div>\n\t\t\t\t<\/div>\n\t\t\t\t\t<\/div>\n\t\t\t\t<\/div>\n\t\t<div class=\"elementor-element elementor-element-4a59742 e-flex e-con-boxed e-con e-child\" data-id=\"4a59742\" data-element_type=\"container\" data-e-type=\"container\">\n\t\t\t\t\t<div class=\"e-con-inner\">\n\t\t\t\t<div class=\"elementor-element elementor-element-dd89b69 custom-icon-form-contact elementor-widget elementor-widget-image\" data-id=\"dd89b69\" data-element_type=\"widget\" data-e-type=\"widget\" data-widget_type=\"image.default\">\n\t\t\t\t<div class=\"elementor-widget-container\">\n\t\t\t\t\t\t\t\t\t\t\t\t\t\t\t<img loading=\"lazy\" decoding=\"async\" width=\"80\" height=\"80\" src=\"https:\/\/emlyonjuniorconseil.com\/wp-content\/uploads\/2024\/04\/clock-icon.png\" class=\"attachment-thumbnail size-thumbnail wp-image-654\" alt=\"clock icon\" \/>\t\t\t\t\t\t\t\t\t\t\t\t\t\t\t<\/div>\n\t\t\t\t<\/div>\n\t\t\t\t<div class=\"elementor-element elementor-element-9b01ec1 elementor-widget elementor-widget-text-editor\" data-id=\"9b01ec1\" data-element_type=\"widget\" data-e-type=\"widget\" data-widget_type=\"text-editor.default\">\n\t\t\t\t<div class=\"elementor-widget-container\">\n\t\t\t\t\t\t\t\t\tDu lundi au vendredi de 8h30 \u00e0 18h30\t\t\t\t\t\t\t\t<\/div>\n\t\t\t\t<\/div>\n\t\t\t\t\t<\/div>\n\t\t\t\t<\/div>\n\t\t\t\t\t<\/div>\n\t\t\t\t<\/div>\n\t\t\t\t<div class=\"elementor-element elementor-element-8f99d04 elementor-widget__width-initial elementor-absolute elementor-widget elementor-widget-image\" data-id=\"8f99d04\" data-element_type=\"widget\" data-e-type=\"widget\" data-settings=\"{&quot;_position&quot;:&quot;absolute&quot;}\" data-widget_type=\"image.default\">\n\t\t\t\t<div class=\"elementor-widget-container\">\n\t\t\t\t\t\t\t\t\t\t\t\t\t\t\t<img loading=\"lazy\" decoding=\"async\" width=\"300\" height=\"298\" src=\"https:\/\/emlyonjuniorconseil.com\/wp-content\/uploads\/2024\/04\/circles-illustrations.png\" class=\"attachment-medium size-medium wp-image-531\" alt=\"cirlces illustration\" srcset=\"https:\/\/emlyonjuniorconseil.com\/wp-content\/uploads\/2024\/04\/circles-illustrations.png 301w, https:\/\/emlyonjuniorconseil.com\/wp-content\/uploads\/2024\/04\/circles-illustrations-150x150.png 150w\" sizes=\"(max-width: 300px) 100vw, 300px\" \/>\t\t\t\t\t\t\t\t\t\t\t\t\t\t\t<\/div>\n\t\t\t\t<\/div>\n\t\t\t\t<\/div>\n\t\t<div class=\"elementor-element elementor-element-816764a e-con-full e-flex e-con e-child\" data-id=\"816764a\" data-element_type=\"container\" data-e-type=\"container\">\n\t\t\t\t<div class=\"elementor-element elementor-element-cb2cb79 elementor-widget elementor-widget-hubspot-form\" data-id=\"cb2cb79\" data-element_type=\"widget\" data-e-type=\"widget\" data-widget_type=\"hubspot-form.default\">\n\t\t\t\t<div class=\"elementor-widget-container\">\n\t\t\t\t\t\n\t\t\t\t\t\t<script>\n\t\t\t\t\t\t\twindow.hsFormsOnReady = window.hsFormsOnReady || [];\n\t\t\t\t\t\t\twindow.hsFormsOnReady.push(()=>{\n\t\t\t\t\t\t\t\thbspt.forms.create({\n\t\t\t\t\t\t\t\t\tportalId: 144524613,\n\t\t\t\t\t\t\t\t\tformId: \"6f6ec880-f1b4-445d-ab69-36e3d35ffec9\",\n\t\t\t\t\t\t\t\t\ttarget: \"#hbspt-form-1775751239000-0179989986\",\n\t\t\t\t\t\t\t\t\tregion: \"eu1\",\n\t\t\t\t\t\t\t\t\t\n\t\t\t\t\t\t\t})});\n\t\t\t\t\t\t<\/script>\n\t\t\t\t\t\t<div class=\"hbspt-form\" id=\"hbspt-form-1775751239000-0179989986\"><\/div>\t\t\t\t<\/div>\n\t\t\t\t<\/div>\n\t\t\t\t<\/div>\n\t\t\t\t\t<\/div>\n\t\t\t\t<\/div>\n\t\t\t\t<\/div>\n\t\t<\/div>\n\t\t\t\t\t\t<\/div>\n\t\t\t\t<\/div>\n\t\t\t\t<\/div>\n\t\t\t\t<\/div>\n\t\t\t\t<\/div>\n\t\t","protected":false},"excerpt":{"rendered":"<p>Demandez un devis<\/p>\n","protected":false},"author":1,"featured_media":0,"parent":0,"menu_order":0,"comment_status":"closed","ping_status":"closed","template":"","meta":{"content-type":"","inline_featured_image":false,"footnotes":""},"class_list":["post-471","page","type-page","status-publish","hentry"],"yoast_head":"<!-- This site is optimized with the Yoast SEO plugin v26.8 - https:\/\/yoast.com\/product\/yoast-seo-wordpress\/ -->\n<title>Contact - emlyon junior conseil<\/title>\n<meta name=\"description\" content=\"Contactez d\u00e8s maintenant la deuxi\u00e8me Junior Entreprises du monde, nos \u00e9quipes seront ravies de vous r\u00e9pondre dans les meilleurs d\u00e9lais.\" \/>\n<meta name=\"robots\" content=\"index, follow, max-snippet:-1, max-image-preview:large, max-video-preview:-1\" \/>\n<link rel=\"canonical\" href=\"https:\/\/emlyonjuniorconseil.com\/index.php\/contact\/\" \/>\n<meta property=\"og:locale\" content=\"fr_FR\" \/>\n<meta property=\"og:type\" content=\"article\" \/>\n<meta property=\"og:title\" content=\"Contact - emlyon junior conseil\" \/>\n<meta property=\"og:description\" content=\"Contactez d\u00e8s maintenant la deuxi\u00e8me Junior Entreprises du monde, nos \u00e9quipes seront ravies de vous r\u00e9pondre dans les meilleurs d\u00e9lais.\" \/>\n<meta property=\"og:url\" content=\"https:\/\/emlyonjuniorconseil.com\/index.php\/contact\/\" \/>\n<meta property=\"og:site_name\" content=\"emlyon junior conseil\" \/>\n<meta property=\"article:modified_time\" content=\"2025-01-23T16:35:30+00:00\" \/>\n<meta property=\"og:image\" content=\"https:\/\/emlyonjuniorconseil.com\/wp-content\/uploads\/2024\/04\/hero-contact.webp\" \/>\n<meta name=\"twitter:card\" content=\"summary_large_image\" \/>\n<meta name=\"twitter:label1\" content=\"Dur\u00e9e de lecture estim\u00e9e\" \/>\n\t<meta name=\"twitter:data1\" content=\"2 minutes\" \/>\n<script type=\"application\/ld+json\" class=\"yoast-schema-graph\">{\"@context\":\"https:\/\/schema.org\",\"@graph\":[{\"@type\":\"WebPage\",\"@id\":\"https:\/\/emlyonjuniorconseil.com\/index.php\/contact\/\",\"url\":\"https:\/\/emlyonjuniorconseil.com\/index.php\/contact\/\",\"name\":\"Contact - emlyon junior conseil\",\"isPartOf\":{\"@id\":\"https:\/\/emlyonjuniorconseil.com\/#website\"},\"primaryImageOfPage\":{\"@id\":\"https:\/\/emlyonjuniorconseil.com\/index.php\/contact\/#primaryimage\"},\"image\":{\"@id\":\"https:\/\/emlyonjuniorconseil.com\/index.php\/contact\/#primaryimage\"},\"thumbnailUrl\":\"https:\/\/emlyonjuniorconseil.com\/wp-content\/uploads\/2024\/04\/hero-contact.webp\",\"datePublished\":\"2024-04-07T11:36:07+00:00\",\"dateModified\":\"2025-01-23T16:35:30+00:00\",\"description\":\"Contactez d\u00e8s maintenant la deuxi\u00e8me Junior Entreprises du monde, nos \u00e9quipes seront ravies de vous r\u00e9pondre dans les meilleurs d\u00e9lais.\",\"breadcrumb\":{\"@id\":\"https:\/\/emlyonjuniorconseil.com\/index.php\/contact\/#breadcrumb\"},\"inLanguage\":\"fr-FR\",\"potentialAction\":[{\"@type\":\"ReadAction\",\"target\":[\"https:\/\/emlyonjuniorconseil.com\/index.php\/contact\/\"]}]},{\"@type\":\"ImageObject\",\"inLanguage\":\"fr-FR\",\"@id\":\"https:\/\/emlyonjuniorconseil.com\/index.php\/contact\/#primaryimage\",\"url\":\"https:\/\/emlyonjuniorconseil.com\/wp-content\/uploads\/2024\/04\/hero-contact.webp\",\"contentUrl\":\"https:\/\/emlyonjuniorconseil.com\/wp-content\/uploads\/2024\/04\/hero-contact.webp\",\"width\":2000,\"height\":381,\"caption\":\"background hero\"},{\"@type\":\"BreadcrumbList\",\"@id\":\"https:\/\/emlyonjuniorconseil.com\/index.php\/contact\/#breadcrumb\",\"itemListElement\":[{\"@type\":\"ListItem\",\"position\":1,\"name\":\"Home\",\"item\":\"https:\/\/emlyonjuniorconseil.com\/\"},{\"@type\":\"ListItem\",\"position\":2,\"name\":\"Contact\"}]},{\"@type\":\"WebSite\",\"@id\":\"https:\/\/emlyonjuniorconseil.com\/#website\",\"url\":\"https:\/\/emlyonjuniorconseil.com\/\",\"name\":\"emlyon junior conseil\",\"description\":\"\",\"publisher\":{\"@id\":\"https:\/\/emlyonjuniorconseil.com\/#organization\"},\"potentialAction\":[{\"@type\":\"SearchAction\",\"target\":{\"@type\":\"EntryPoint\",\"urlTemplate\":\"https:\/\/emlyonjuniorconseil.com\/?s={search_term_string}\"},\"query-input\":{\"@type\":\"PropertyValueSpecification\",\"valueRequired\":true,\"valueName\":\"search_term_string\"}}],\"inLanguage\":\"fr-FR\"},{\"@type\":\"Organization\",\"@id\":\"https:\/\/emlyonjuniorconseil.com\/#organization\",\"name\":\"emlyon junior conseil\",\"url\":\"https:\/\/emlyonjuniorconseil.com\/\",\"logo\":{\"@type\":\"ImageObject\",\"inLanguage\":\"fr-FR\",\"@id\":\"https:\/\/emlyonjuniorconseil.com\/#\/schema\/logo\/image\/\",\"url\":\"https:\/\/emlyonjuniorconseil.com\/wp-content\/uploads\/2024\/03\/logo-em-lyon.png\",\"contentUrl\":\"https:\/\/emlyonjuniorconseil.com\/wp-content\/uploads\/2024\/03\/logo-em-lyon.png\",\"width\":276,\"height\":120,\"caption\":\"emlyon junior conseil\"},\"image\":{\"@id\":\"https:\/\/emlyonjuniorconseil.com\/#\/schema\/logo\/image\/\"},\"sameAs\":[\"https:\/\/www.linkedin.com\/company\/emlyon-junior-conseil\/\"]}]}<\/script>\n<!-- \/ Yoast SEO plugin. -->","yoast_head_json":{"title":"Contact - emlyon junior conseil","description":"Contactez d\u00e8s maintenant la deuxi\u00e8me Junior Entreprises du monde, nos \u00e9quipes seront ravies de vous r\u00e9pondre dans les meilleurs d\u00e9lais.","robots":{"index":"index","follow":"follow","max-snippet":"max-snippet:-1","max-image-preview":"max-image-preview:large","max-video-preview":"max-video-preview:-1"},"canonical":"https:\/\/emlyonjuniorconseil.com\/index.php\/contact\/","og_locale":"fr_FR","og_type":"article","og_title":"Contact - emlyon junior conseil","og_description":"Contactez d\u00e8s maintenant la deuxi\u00e8me Junior Entreprises du monde, nos \u00e9quipes seront ravies de vous r\u00e9pondre dans les meilleurs d\u00e9lais.","og_url":"https:\/\/emlyonjuniorconseil.com\/index.php\/contact\/","og_site_name":"emlyon junior conseil","article_modified_time":"2025-01-23T16:35:30+00:00","og_image":[{"url":"https:\/\/emlyonjuniorconseil.com\/wp-content\/uploads\/2024\/04\/hero-contact.webp","type":"","width":"","height":""}],"twitter_card":"summary_large_image","twitter_misc":{"Dur\u00e9e de lecture estim\u00e9e":"2 minutes"},"schema":{"@context":"https:\/\/schema.org","@graph":[{"@type":"WebPage","@id":"https:\/\/emlyonjuniorconseil.com\/index.php\/contact\/","url":"https:\/\/emlyonjuniorconseil.com\/index.php\/contact\/","name":"Contact - emlyon junior conseil","isPartOf":{"@id":"https:\/\/emlyonjuniorconseil.com\/#website"},"primaryImageOfPage":{"@id":"https:\/\/emlyonjuniorconseil.com\/index.php\/contact\/#primaryimage"},"image":{"@id":"https:\/\/emlyonjuniorconseil.com\/index.php\/contact\/#primaryimage"},"thumbnailUrl":"https:\/\/emlyonjuniorconseil.com\/wp-content\/uploads\/2024\/04\/hero-contact.webp","datePublished":"2024-04-07T11:36:07+00:00","dateModified":"2025-01-23T16:35:30+00:00","description":"Contactez d\u00e8s maintenant la deuxi\u00e8me Junior Entreprises du monde, nos \u00e9quipes seront ravies de vous r\u00e9pondre dans les meilleurs d\u00e9lais.","breadcrumb":{"@id":"https:\/\/emlyonjuniorconseil.com\/index.php\/contact\/#breadcrumb"},"inLanguage":"fr-FR","potentialAction":[{"@type":"ReadAction","target":["https:\/\/emlyonjuniorconseil.com\/index.php\/contact\/"]}]},{"@type":"ImageObject","inLanguage":"fr-FR","@id":"https:\/\/emlyonjuniorconseil.com\/index.php\/contact\/#primaryimage","url":"https:\/\/emlyonjuniorconseil.com\/wp-content\/uploads\/2024\/04\/hero-contact.webp","contentUrl":"https:\/\/emlyonjuniorconseil.com\/wp-content\/uploads\/2024\/04\/hero-contact.webp","width":2000,"height":381,"caption":"background hero"},{"@type":"BreadcrumbList","@id":"https:\/\/emlyonjuniorconseil.com\/index.php\/contact\/#breadcrumb","itemListElement":[{"@type":"ListItem","position":1,"name":"Home","item":"https:\/\/emlyonjuniorconseil.com\/"},{"@type":"ListItem","position":2,"name":"Contact"}]},{"@type":"WebSite","@id":"https:\/\/emlyonjuniorconseil.com\/#website","url":"https:\/\/emlyonjuniorconseil.com\/","name":"emlyon junior conseil","description":"","publisher":{"@id":"https:\/\/emlyonjuniorconseil.com\/#organization"},"potentialAction":[{"@type":"SearchAction","target":{"@type":"EntryPoint","urlTemplate":"https:\/\/emlyonjuniorconseil.com\/?s={search_term_string}"},"query-input":{"@type":"PropertyValueSpecification","valueRequired":true,"valueName":"search_term_string"}}],"inLanguage":"fr-FR"},{"@type":"Organization","@id":"https:\/\/emlyonjuniorconseil.com\/#organization","name":"emlyon junior conseil","url":"https:\/\/emlyonjuniorconseil.com\/","logo":{"@type":"ImageObject","inLanguage":"fr-FR","@id":"https:\/\/emlyonjuniorconseil.com\/#\/schema\/logo\/image\/","url":"https:\/\/emlyonjuniorconseil.com\/wp-content\/uploads\/2024\/03\/logo-em-lyon.png","contentUrl":"https:\/\/emlyonjuniorconseil.com\/wp-content\/uploads\/2024\/03\/logo-em-lyon.png","width":276,"height":120,"caption":"emlyon junior conseil"},"image":{"@id":"https:\/\/emlyonjuniorconseil.com\/#\/schema\/logo\/image\/"},"sameAs":["https:\/\/www.linkedin.com\/company\/emlyon-junior-conseil\/"]}]}},"_links":{"self":[{"href":"https:\/\/emlyonjuniorconseil.com\/index.php\/wp-json\/wp\/v2\/pages\/471","targetHints":{"allow":["GET"]}}],"collection":[{"href":"https:\/\/emlyonjuniorconseil.com\/index.php\/wp-json\/wp\/v2\/pages"}],"about":[{"href":"https:\/\/emlyonjuniorconseil.com\/index.php\/wp-json\/wp\/v2\/types\/page"}],"author":[{"embeddable":true,"href":"https:\/\/emlyonjuniorconseil.com\/index.php\/wp-json\/wp\/v2\/users\/1"}],"replies":[{"embeddable":true,"href":"https:\/\/emlyonjuniorconseil.com\/index.php\/wp-json\/wp\/v2\/comments?post=471"}],"version-history":[{"count":103,"href":"https:\/\/emlyonjuniorconseil.com\/index.php\/wp-json\/wp\/v2\/pages\/471\/revisions"}],"predecessor-version":[{"id":4003,"href":"https:\/\/emlyonjuniorconseil.com\/index.php\/wp-json\/wp\/v2\/pages\/471\/revisions\/4003"}],"wp:attachment":[{"href":"https:\/\/emlyonjuniorconseil.com\/index.php\/wp-json\/wp\/v2\/media?parent=471"}],"curies":[{"name":"wp","href":"https:\/\/api.w.org\/{rel}","templated":true}]}}